{"id":27669,"date":"2025-06-30T23:23:43","date_gmt":"2025-06-30T16:23:43","guid":{"rendered":"https:\/\/duonglaobinhmy.com\/thu-tuc-vao-he-thong-duong-lao-binh-my\/"},"modified":"2025-06-30T23:23:43","modified_gmt":"2025-06-30T16:23:43","slug":"thu-tuc-vao-he-thong-duong-lao-binh-my","status":"publish","type":"page","link":"https:\/\/duonglaobinhmy.com\/en\/thu-tuc-vao-he-thong-duong-lao-binh-my\/","title":{"rendered":"TH\u1ee6 T\u1ee4C V\u00c0O H\u1ec6 TH\u1ed0NG D\u01af\u1ee0NG L\u00c3O B\u00ccNH M\u1ef8"},"content":{"rendered":"<div class=\"wpb-content-wrapper\"><p>[vc_row][vc_column][vc_column_text css=&#8221;&#8221;]<\/p>\n<p style=\"text-align: justify;\"><span style=\"font-family: arial, helvetica, sans-serif;\">H\u1ec7 th\u1ed1ng D\u01b0\u1ee1ng l\u00e3o B\u00ecnh M\u1ef9 t\u1ef1 h\u00e0o c\u00f3 quy tr\u00ecnh ti\u1ebfp nh\u1eadn Ng\u01b0\u1eddi cao tu\u1ed5i \u0111\u01a1n gi\u1ea3n v\u00e0 nhanh ch\u00f3ng ph\u00f9 h\u1ee3p cho m\u1ecdi \u0111\u1ed1i t\u01b0\u1ee3ng. B\u00ecnh M\u1ef9 cam k\u1ebft gi\u00fap qu\u00fd kh\u00e1ch ho\u00e0n t\u1ea5t trong th\u1eddi gian ng\u1eafn nh\u1ea5t c\u00f3 th\u1ec3, t\u1eeb vi\u1ec7c \u0111\u0103ng k\u00fd \u0111\u1ebfn ho\u00e0n thi\u1ec7n h\u1ed3 s\u01a1. \u0110\u1ed9i ng\u0169 nh\u00e2n vi\u00ean ch\u0103m s\u00f3c t\u1ea1i c\u00e1c c\u01a1 s\u1edf c\u1ee7a B\u00ecnh M\u1ef9 lu\u00f4n s\u1eb5n s\u00e0ng h\u1ed7 tr\u1ee3 \u0111\u1ec3 \u0111\u1ea3m b\u1ea3o r\u1eb1ng qu\u00e1 tr\u00ecnh n\u00e0y di\u1ec5n ra thu\u1eadn l\u1ee3i v\u00e0 d\u1ec5 d\u00e0ng cho qu\u00fd kh\u00e1ch v\u00e0 ng\u01b0\u1eddi th\u00e2n.<\/span><\/p>\n<p style=\"text-align: justify;\"><span style=\"font-family: arial, helvetica, sans-serif;\"><strong><em>*Y\u00eau c\u1ea7u chung<\/em><\/strong><\/span><\/p>\n<ul style=\"text-align: justify;\">\n<li><span style=\"font-family: arial, helvetica, sans-serif;\">C\u00f3 ng\u01b0\u1eddi \u0111\u1ea1i di\u1ec7n, Ng\u01b0\u1eddi cao tu\u1ed5i \u0111\u1ee9ng t\u00ean tr\u00ean h\u1ee3p \u0111\u1ed3ng.<\/span><\/li>\n<li><span style=\"font-family: arial, helvetica, sans-serif;\">H\u1ed3 s\u01a1 kh\u00e1m s\u1ee9c kho\u1ebb t\u1ed5ng qu\u00e1t.<\/span><\/li>\n<li><span style=\"font-family: arial, helvetica, sans-serif;\">Kh\u00f4ng m\u1eafc b\u1ec7nh truy\u1ec1n nhi\u1ec5m.<\/span><\/li>\n<\/ul>\n<p style=\"text-align: justify;\"><span style=\"font-family: arial, helvetica, sans-serif;\"><strong><em>*\u0110\u1ed1i v\u1edbi ng\u01b0\u1eddi Vi\u1ec7t Nam:<\/em><\/strong><\/span><\/p>\n<ul style=\"text-align: justify;\">\n<li><span style=\"font-family: arial, helvetica, sans-serif;\">Th\u1ebb CCCD\/Th\u1ebb C\u0103n c\u01b0\u1edbc g\u1eafn ch\u00edp c\u1ee7a Ng\u01b0\u1eddi cao tu\u1ed5i v\u00e0 ng\u01b0\u1eddi \u0111\u1ea1i di\u1ec7n.<\/span><\/li>\n<li><span style=\"font-family: arial, helvetica, sans-serif;\">BHYT\u00a0<em>(n\u1ebfu c\u00f3).<\/em><\/span><\/li>\n<\/ul>\n<p style=\"text-align: justify;\"><span style=\"font-family: arial, helvetica, sans-serif;\"><strong><em>*\u0110\u1ed1i v\u1edbi ng\u01b0\u1eddi n\u01b0\u1edbc ngo\u00e0i:<\/em><\/strong>\u00a0Passport + Visa c\u00f2n h\u1ea1n.<\/span><\/p>\n<p style=\"text-align: justify;\"><span style=\"font-family: arial, helvetica, sans-serif;\">N\u1ebfu qu\u00fd kh\u00e1ch c\u1ea7n th\u00eam th\u00f4ng tin ho\u1eb7c h\u1ed7 tr\u1ee3, xin vui l\u00f2ng li\u00ean h\u1ec7 v\u1edbi B\u00ecnh M\u1ef9 qua s\u1ed1 \u0111i\u1ec7n tho\u1ea1i <span style=\"color: #ff0000;\"><a style=\"color: #ff0000;\" href=\"tel: 0789 7575 39\"><strong>0789 7575 39.<\/strong><\/a><\/span><\/span><\/p>\n<p><span style=\"font-family: arial, helvetica, sans-serif;\">Trong qu\u00e1 tr\u00ecnh Ng\u01b0\u1eddi cao tu\u1ed5i \u1edf c\u00e1c c\u01a1 s\u1edf ch\u0103m s\u00f3c, ch\u00fang t\u00f4i s\u1ebd h\u1ed7 tr\u1ee3 c\u00e1c th\u1ee7 t\u1ee5c li\u00ean quan cho Ng\u01b0\u1eddi cao tu\u1ed5i.<\/span><\/p>\n<p>[\/vc_column_text][\/vc_column][\/vc_row]<\/p>\n<\/div>","protected":false},"excerpt":{"rendered":"<p>[vc_row][vc_column][vc_column_text css=&#8221;&#8221;] H\u1ec7 th\u1ed1ng D\u01b0\u1ee1ng l\u00e3o B\u00ecnh M\u1ef9 t\u1ef1 h\u00e0o c\u00f3 quy tr\u00ecnh ti\u1ebfp nh\u1eadn Ng\u01b0\u1eddi cao tu\u1ed5i \u0111\u01a1n gi\u1ea3n v\u00e0 nhanh ch\u00f3ng ph\u00f9 h\u1ee3p cho m\u1ecdi \u0111\u1ed1i t\u01b0\u1ee3ng. B\u00ecnh M\u1ef9 cam k\u1ebft gi\u00fap qu\u00fd kh\u00e1ch ho\u00e0n t\u1ea5t trong th\u1eddi gian ng\u1eafn nh\u1ea5t c\u00f3 th\u1ec3, t\u1eeb vi\u1ec7c \u0111\u0103ng k\u00fd \u0111\u1ebfn ho\u00e0n thi\u1ec7n h\u1ed3 s\u01a1. \u0110\u1ed9i [&hellip;]<\/p>\n","protected":false},"author":2,"featured_media":24895,"parent":0,"menu_order":0,"comment_status":"closed","ping_status":"closed","template":"","meta":[],"yoast_head":"<!-- This site is optimized with the Yoast SEO plugin v18.5.1 - https:\/\/yoast.com\/wordpress\/plugins\/seo\/ -->\n<title>TH\u1ee6 T\u1ee4C V\u00c0O H\u1ec6 TH\u1ed0NG D\u01af\u1ee0NG L\u00c3O B\u00ccNH M\u1ef8 - H\u1ec7 th\u1ed1ng D\u01b0\u1ee1ng l\u00e3o B\u00ecnh M\u1ef9<\/title>\n<meta name=\"description\" content=\"Th\u1ee7 t\u1ee5c v\u00e0o vi\u1ec7n d\u01b0\u1ee1ng l\u00e3o cho ng\u01b0\u1eddi cao tu\u1ed5i m\u1edbi nh\u1ea5t.\" \/>\n<meta name=\"robots\" content=\"index, follow, max-snippet:-1, max-image-preview:large, max-video-preview:-1\" \/>\n<link rel=\"canonical\" href=\"https:\/\/duonglaobinhmy.com\/en\/thu-tuc-vao-he-thong-duong-lao-binh-my\/\" \/>\n<meta property=\"og:locale\" content=\"en_US\" \/>\n<meta property=\"og:type\" content=\"article\" \/>\n<meta property=\"og:title\" content=\"TH\u1ee6 T\u1ee4C V\u00c0O H\u1ec6 TH\u1ed0NG D\u01af\u1ee0NG L\u00c3O B\u00ccNH M\u1ef8 - H\u1ec7 th\u1ed1ng D\u01b0\u1ee1ng l\u00e3o B\u00ecnh M\u1ef9\" \/>\n<meta property=\"og:description\" content=\"Th\u1ee7 t\u1ee5c v\u00e0o vi\u1ec7n d\u01b0\u1ee1ng l\u00e3o cho ng\u01b0\u1eddi cao tu\u1ed5i m\u1edbi nh\u1ea5t.\" \/>\n<meta property=\"og:url\" content=\"https:\/\/duonglaobinhmy.com\/en\/thu-tuc-vao-he-thong-duong-lao-binh-my\/\" \/>\n<meta property=\"og:site_name\" content=\"H\u1ec7 th\u1ed1ng D\u01b0\u1ee1ng l\u00e3o B\u00ecnh M\u1ef9\" \/>\n<meta property=\"og:image\" content=\"https:\/\/duonglaobinhmy.com\/wp-content\/uploads\/2025\/07\/thu-tuc-nhap-vien-duong-lao-moi-nhat.jpg\" \/>\n\t<meta property=\"og:image:width\" content=\"1200\" \/>\n\t<meta property=\"og:image:height\" content=\"627\" \/>\n\t<meta property=\"og:image:type\" content=\"image\/jpeg\" \/>\n<meta name=\"twitter:card\" content=\"summary_large_image\" \/>\n<meta name=\"twitter:label1\" content=\"Est. reading time\" \/>\n\t<meta name=\"twitter:data1\" content=\"2 minutes\" \/>\n<script type=\"application\/ld+json\" class=\"yoast-schema-graph\">{\"@context\":\"https:\/\/schema.org\",\"@graph\":[{\"@type\":\"WebSite\",\"@id\":\"https:\/\/duonglaobinhmy.com\/en\/#website\",\"url\":\"https:\/\/duonglaobinhmy.com\/en\/\",\"name\":\"H\u1ec7 th\u1ed1ng D\u01b0\u1ee1ng l\u00e3o B\u00ecnh M\u1ef9\",\"description\":\"H\u1ec7 th\u1ed1ng D\u01b0\u1ee1ng l\u00e3o B\u00ecnh M\u1ef9\",\"potentialAction\":[{\"@type\":\"SearchAction\",\"target\":{\"@type\":\"EntryPoint\",\"urlTemplate\":\"https:\/\/duonglaobinhmy.com\/en\/?s={search_term_string}\"},\"query-input\":\"required name=search_term_string\"}],\"inLanguage\":\"en-US\"},{\"@type\":\"ImageObject\",\"@id\":\"https:\/\/duonglaobinhmy.com\/en\/thu-tuc-vao-he-thong-duong-lao-binh-my\/#primaryimage\",\"inLanguage\":\"en-US\",\"url\":\"https:\/\/duonglaobinhmy.com\/wp-content\/uploads\/2025\/07\/thu-tuc-nhap-vien-duong-lao-moi-nhat.jpg\",\"contentUrl\":\"https:\/\/duonglaobinhmy.com\/wp-content\/uploads\/2025\/07\/thu-tuc-nhap-vien-duong-lao-moi-nhat.jpg\",\"width\":1200,\"height\":627},{\"@type\":\"WebPage\",\"@id\":\"https:\/\/duonglaobinhmy.com\/en\/thu-tuc-vao-he-thong-duong-lao-binh-my\/#webpage\",\"url\":\"https:\/\/duonglaobinhmy.com\/en\/thu-tuc-vao-he-thong-duong-lao-binh-my\/\",\"name\":\"TH\u1ee6 T\u1ee4C V\u00c0O H\u1ec6 TH\u1ed0NG D\u01af\u1ee0NG L\u00c3O B\u00ccNH M\u1ef8 - H\u1ec7 th\u1ed1ng D\u01b0\u1ee1ng l\u00e3o B\u00ecnh M\u1ef9\",\"isPartOf\":{\"@id\":\"https:\/\/duonglaobinhmy.com\/en\/#website\"},\"primaryImageOfPage\":{\"@id\":\"https:\/\/duonglaobinhmy.com\/en\/thu-tuc-vao-he-thong-duong-lao-binh-my\/#primaryimage\"},\"datePublished\":\"2025-06-30T16:23:43+00:00\",\"dateModified\":\"2025-06-30T16:23:43+00:00\",\"description\":\"Th\u1ee7 t\u1ee5c v\u00e0o vi\u1ec7n d\u01b0\u1ee1ng l\u00e3o cho ng\u01b0\u1eddi cao tu\u1ed5i m\u1edbi nh\u1ea5t.\",\"breadcrumb\":{\"@id\":\"https:\/\/duonglaobinhmy.com\/en\/thu-tuc-vao-he-thong-duong-lao-binh-my\/#breadcrumb\"},\"inLanguage\":\"en-US\",\"potentialAction\":[{\"@type\":\"ReadAction\",\"target\":[\"https:\/\/duonglaobinhmy.com\/en\/thu-tuc-vao-he-thong-duong-lao-binh-my\/\"]}]},{\"@type\":\"BreadcrumbList\",\"@id\":\"https:\/\/duonglaobinhmy.com\/en\/thu-tuc-vao-he-thong-duong-lao-binh-my\/#breadcrumb\",\"itemListElement\":[{\"@type\":\"ListItem\",\"position\":1,\"name\":\"Home\",\"item\":\"https:\/\/duonglaobinhmy.com\/en\/\"},{\"@type\":\"ListItem\",\"position\":2,\"name\":\"TH\u1ee6 T\u1ee4C V\u00c0O H\u1ec6 TH\u1ed0NG D\u01af\u1ee0NG L\u00c3O B\u00ccNH M\u1ef8\"}]}]}<\/script>\n<!-- \/ Yoast SEO plugin. -->","yoast_head_json":{"title":"TH\u1ee6 T\u1ee4C V\u00c0O H\u1ec6 TH\u1ed0NG D\u01af\u1ee0NG L\u00c3O B\u00ccNH M\u1ef8 - H\u1ec7 th\u1ed1ng D\u01b0\u1ee1ng l\u00e3o B\u00ecnh M\u1ef9","description":"Th\u1ee7 t\u1ee5c v\u00e0o vi\u1ec7n d\u01b0\u1ee1ng l\u00e3o cho ng\u01b0\u1eddi cao tu\u1ed5i m\u1edbi nh\u1ea5t.","robots":{"index":"index","follow":"follow","max-snippet":"max-snippet:-1","max-image-preview":"max-image-preview:large","max-video-preview":"max-video-preview:-1"},"canonical":"https:\/\/duonglaobinhmy.com\/en\/thu-tuc-vao-he-thong-duong-lao-binh-my\/","og_locale":"en_US","og_type":"article","og_title":"TH\u1ee6 T\u1ee4C V\u00c0O H\u1ec6 TH\u1ed0NG D\u01af\u1ee0NG L\u00c3O B\u00ccNH M\u1ef8 - H\u1ec7 th\u1ed1ng D\u01b0\u1ee1ng l\u00e3o B\u00ecnh M\u1ef9","og_description":"Th\u1ee7 t\u1ee5c v\u00e0o vi\u1ec7n d\u01b0\u1ee1ng l\u00e3o cho ng\u01b0\u1eddi cao tu\u1ed5i m\u1edbi nh\u1ea5t.","og_url":"https:\/\/duonglaobinhmy.com\/en\/thu-tuc-vao-he-thong-duong-lao-binh-my\/","og_site_name":"H\u1ec7 th\u1ed1ng D\u01b0\u1ee1ng l\u00e3o B\u00ecnh M\u1ef9","og_image":[{"width":1200,"height":627,"url":"https:\/\/duonglaobinhmy.com\/wp-content\/uploads\/2025\/07\/thu-tuc-nhap-vien-duong-lao-moi-nhat.jpg","type":"image\/jpeg"}],"twitter_card":"summary_large_image","twitter_misc":{"Est. reading time":"2 minutes"},"schema":{"@context":"https:\/\/schema.org","@graph":[{"@type":"WebSite","@id":"https:\/\/duonglaobinhmy.com\/en\/#website","url":"https:\/\/duonglaobinhmy.com\/en\/","name":"H\u1ec7 th\u1ed1ng D\u01b0\u1ee1ng l\u00e3o B\u00ecnh M\u1ef9","description":"H\u1ec7 th\u1ed1ng D\u01b0\u1ee1ng l\u00e3o B\u00ecnh M\u1ef9","potentialAction":[{"@type":"SearchAction","target":{"@type":"EntryPoint","urlTemplate":"https:\/\/duonglaobinhmy.com\/en\/?s={search_term_string}"},"query-input":"required name=search_term_string"}],"inLanguage":"en-US"},{"@type":"ImageObject","@id":"https:\/\/duonglaobinhmy.com\/en\/thu-tuc-vao-he-thong-duong-lao-binh-my\/#primaryimage","inLanguage":"en-US","url":"https:\/\/duonglaobinhmy.com\/wp-content\/uploads\/2025\/07\/thu-tuc-nhap-vien-duong-lao-moi-nhat.jpg","contentUrl":"https:\/\/duonglaobinhmy.com\/wp-content\/uploads\/2025\/07\/thu-tuc-nhap-vien-duong-lao-moi-nhat.jpg","width":1200,"height":627},{"@type":"WebPage","@id":"https:\/\/duonglaobinhmy.com\/en\/thu-tuc-vao-he-thong-duong-lao-binh-my\/#webpage","url":"https:\/\/duonglaobinhmy.com\/en\/thu-tuc-vao-he-thong-duong-lao-binh-my\/","name":"TH\u1ee6 T\u1ee4C V\u00c0O H\u1ec6 TH\u1ed0NG D\u01af\u1ee0NG L\u00c3O B\u00ccNH M\u1ef8 - H\u1ec7 th\u1ed1ng D\u01b0\u1ee1ng l\u00e3o B\u00ecnh M\u1ef9","isPartOf":{"@id":"https:\/\/duonglaobinhmy.com\/en\/#website"},"primaryImageOfPage":{"@id":"https:\/\/duonglaobinhmy.com\/en\/thu-tuc-vao-he-thong-duong-lao-binh-my\/#primaryimage"},"datePublished":"2025-06-30T16:23:43+00:00","dateModified":"2025-06-30T16:23:43+00:00","description":"Th\u1ee7 t\u1ee5c v\u00e0o vi\u1ec7n d\u01b0\u1ee1ng l\u00e3o cho ng\u01b0\u1eddi cao tu\u1ed5i m\u1edbi nh\u1ea5t.","breadcrumb":{"@id":"https:\/\/duonglaobinhmy.com\/en\/thu-tuc-vao-he-thong-duong-lao-binh-my\/#breadcrumb"},"inLanguage":"en-US","potentialAction":[{"@type":"ReadAction","target":["https:\/\/duonglaobinhmy.com\/en\/thu-tuc-vao-he-thong-duong-lao-binh-my\/"]}]},{"@type":"BreadcrumbList","@id":"https:\/\/duonglaobinhmy.com\/en\/thu-tuc-vao-he-thong-duong-lao-binh-my\/#breadcrumb","itemListElement":[{"@type":"ListItem","position":1,"name":"Home","item":"https:\/\/duonglaobinhmy.com\/en\/"},{"@type":"ListItem","position":2,"name":"TH\u1ee6 T\u1ee4C V\u00c0O H\u1ec6 TH\u1ed0NG D\u01af\u1ee0NG L\u00c3O B\u00ccNH M\u1ef8"}]}]}},"_links":{"self":[{"href":"https:\/\/duonglaobinhmy.com\/en\/wp-json\/wp\/v2\/pages\/27669"}],"collection":[{"href":"https:\/\/duonglaobinhmy.com\/en\/wp-json\/wp\/v2\/pages"}],"about":[{"href":"https:\/\/duonglaobinhmy.com\/en\/wp-json\/wp\/v2\/types\/page"}],"author":[{"embeddable":true,"href":"https:\/\/duonglaobinhmy.com\/en\/wp-json\/wp\/v2\/users\/2"}],"replies":[{"embeddable":true,"href":"https:\/\/duonglaobinhmy.com\/en\/wp-json\/wp\/v2\/comments?post=27669"}],"version-history":[{"count":0,"href":"https:\/\/duonglaobinhmy.com\/en\/wp-json\/wp\/v2\/pages\/27669\/revisions"}],"wp:featuredmedia":[{"embeddable":true,"href":"https:\/\/duonglaobinhmy.com\/en\/wp-json\/wp\/v2\/media\/24895"}],"wp:attachment":[{"href":"https:\/\/duonglaobinhmy.com\/en\/wp-json\/wp\/v2\/media?parent=27669"}],"curies":[{"name":"wp","href":"https:\/\/api.w.org\/{rel}","templated":true}]}}