{"id":27662,"date":"2025-09-22T16:09:55","date_gmt":"2025-09-22T09:09:55","guid":{"rendered":"https:\/\/duonglaobinhmy.com\/cau-chuyen-binh-my\/"},"modified":"2025-09-22T16:09:55","modified_gmt":"2025-09-22T09:09:55","slug":"cau-chuyen-binh-my","status":"publish","type":"page","link":"https:\/\/duonglaobinhmy.com\/ja\/cau-chuyen-binh-my\/","title":{"rendered":"C\u00e2u chuy\u1ec7n kh\u1edfi nghi\u1ec7p B\u00ecnh M\u1ef9"},"content":{"rendered":"<div class=\"wpb-content-wrapper\"><p>[vc_row][vc_column][vc_column_text css=&#8221;&#8221;]<\/p>\n<p style=\"text-align: justify;\"><span style=\"font-family: arial, helvetica, sans-serif; font-size: 16px;\">D\u01b0\u1ee1ng l\u00e3o B\u00ecnh M\u1ef9 kh\u00f4ng kh\u1edfi \u0111\u1ea7u t\u1eeb m\u1ed9t k\u1ebf ho\u1ea1ch kinh doanh. N\u00f3 sinh ra t\u1eeb n\u1ed7i day d\u1ee9t c\u1ee7a ng\u01b0\u1eddi con t\u1eeb s\u1ef1 ra \u0111i c\u1ee7a m\u1ed9t ng\u01b0\u1eddi Cha. M\u1eb7c d\u00f9 gia \u0111\u00ecnh c\u00f3 \u0111i\u1ec1u ki\u1ec7n nh\u01b0ng kh\u00f4ng t\u00ecm \u0111\u01b0\u1ee3c ng\u01b0\u1eddi ch\u0103m s\u00f3c c\u00f3 chuy\u00ean m\u00f4n v\u00e0 c\u00f3 tr\u00e1ch nhi\u1ec7m.<\/span><\/p>\n<p style=\"text-align: justify;\"><span style=\"font-family: arial, helvetica, sans-serif; font-size: 16px;\">C\u00e2u h\u1ecfi \u1ea5y \u0111\u01b0a m\u1ed9t k\u1ef9 s\u01b0 B\u00e1ch Khoa r\u1ebd sang con \u0111\u01b0\u1eddng kh\u00e1c \u2013 l\u00e0m m\u1ed9t \u0111i\u1ec1u g\u00ec \u0111\u1ec3 gi\u00fap ng\u01b0\u1eddi gi\u00e0 \u0111\u01b0\u1ee3c s\u1ed1ng cu\u1ed9c s\u1ed1ng cu\u1ed1i \u0111\u1eddi th\u1eadt b\u00ecnh an v\u00e0 gi\u1ea3m \u0111au \u0111\u1edbn. M\u00e0 H\u1ecd (v\u00e0 c\u1ea3 ch\u00fang ta) sau n\u00e0y c\u1ea7n \u0111\u01b0\u1ee3c h\u01b0\u1edfng sau m\u1ed9t cu\u1ed9c \u0111\u1eddi kh\u00f4ng m\u1ec7t m\u1ecfi c\u1ed1ng hi\u1ebfn cho x\u00e3 h\u1ed9i.<\/span><\/p>\n<p style=\"text-align: justify;\"><span style=\"font-family: arial, helvetica, sans-serif; font-size: 16px;\">D\u01b0\u1ee1ng l\u00e3o B\u00ecnh M\u1ef9 ra \u0111\u1eddi t\u1eeb r\u1ea5t nhi\u1ec1u kh\u00f3 kh\u0103n l\u00e0 \u0111\u01a1n v\u1ecb th\u00e0nh l\u1eadp \u0111\u1ea7u ti\u00ean \u1edf H\u1ed3 Ch\u00ed Minh. Ch\u01b0a c\u00f3 m\u1ed9t chu\u1ea9n m\u1ef1c \u0111\u1ec3 b\u1eaft ch\u01b0\u1edbc theo. Ngu\u1ed3n nh\u00e2n l\u1ef1c c\u0169ng ch\u01b0a c\u00f3 tr\u01b0\u1eddng \u0111\u00e0o t\u1ea1o. Thi\u1ebft b\u1ecb ph\u1ee5c v\u1ee5 th\u00ec ch\u01b0a c\u00f3 \u0111\u1ea7y \u0111\u1ee7. \u0110\u1eb7c bi\u1ec7t v\u1ec1 \u0111\u1ecbnh ki\u1ebfn v\u1edbi ng\u01b0\u1eddi \u00c1 \u0110\u00f4ng \u0111ang nh\u00ecn v\u1edbi con m\u1eaft d\u00e8 d\u1eb7t v\u00e0 nghi ng\u1ea1i.<\/span><\/p>\n<p style=\"text-align: justify;\"><span style=\"font-family: arial, helvetica, sans-serif; font-size: 16px;\">V\u01b0\u1ee3t tr\u00ean s\u1ef1 kh\u00f3 kh\u0103n \u0111\u00f3 \u2013 v\u1edbi s\u1ef1 n\u1ed7 l\u1ef1c v\u00e0 \u0111\u1ed3ng h\u00e0nh c\u1ee7a \u0111\u1ed9i ng\u0169. D\u01b0\u1ee1ng l\u00e3o B\u00ecnh M\u1ef9 d\u1ea7n d\u1ea7n x\u00e2y d\u1ef1ng v\u00e0 ho\u00e0n thi\u1ec7n t\u1eebng ch\u00fat. Kh\u00f4ng ch\u1ecdn l\u1ed1i \u0111i t\u1ea1m th\u1eddi \u2013 nh\u1eefng chuy\u1ebfn \u0111i li\u00ean t\u1ee5c c\u00e1c n\u01b0\u1edbc Nh\u1eadt, M\u1ef9, \u00dac, \u0110\u00e0i Loan, H\u00e0n Qu\u1ed1c. \u0110\u1ec3 ti\u1ebfp c\u1eadn v\u00e0 t\u00ecm ra con \u0111\u01b0\u1eddng ng\u1eafn v\u00e0 nhanh nh\u1ea5t \u0111\u01b0a ki\u1ebfn th\u1ee9c hi\u1ec7n \u0111\u1ea1i ch\u0103m s\u00f3c ng\u01b0\u1eddi gi\u00e0 v\u1ec1. \u0110\u1ec3 \u00e1p d\u1ee5ng hi\u1ec7u qu\u1ea3 tr\u00ean t\u1eebng ng\u01b0\u1eddi gi\u00e0 \u0111ang \u0111\u01b0\u1ee3c ch\u0103m s\u00f3c trong d\u01b0\u1ee1ng l\u00e3o B\u00ecnh M\u1ef9.<\/span><\/p>\n<p style=\"text-align: justify;\"><span style=\"font-family: arial, helvetica, sans-serif; font-size: 16px;\">Nh\u01b0 con ong ch\u0103m ch\u1ec9 \u2013 D\u01b0\u1ee1ng l\u00e3o B\u00ecnh M\u1ef9 m\u1ed7i ng\u00e0y ph\u00e1t tri\u1ec3n. \u0110\u01b0\u1ee3c r\u1ea5t nhi\u1ec1u gia \u0111\u00ecnh \u0111\u00e1nh gi\u00e1 cao. \u0110\u01b0\u1ee3c nhi\u1ec1u \u0111o\u00e0n kh\u00e1ch t\u1eeb c\u00e1c n\u01b0\u1edbc \u0111\u1ebfn trao \u0111\u1ed5i v\u00e0 th\u0103m quan. \u0110i\u1ec1u t\u1ef1 h\u00e0o l\u00e0 \u0111\u1ed9i ng\u0169 nh\u00e2n s\u1ef1 \u0111\u01b0\u1ee3c s\u1ef1 k\u00ednh tr\u1ecdng c\u1ee7a h\u1ecd. C\u00e1c quy tr\u00ecnh v\u1eadn h\u00e0nh ho\u00e0n thi\u1ec7n d\u1ea7n. Vi\u1ec7c qu\u1ea3n tr\u1ecb \u1ee9ng d\u1ee5ng c\u00f4ng ngh\u1ec7 trong qu\u00e1 tr\u00ecnh ch\u0103m s\u00f3c \u0111\u01b0\u1ee3c \u0111\u1ea7u t\u01b0 c\u0169ng t\u1ed1t h\u01a1n. \u0110i\u1ec1u \u0111\u1eb7c bi\u1ec7t d\u01b0\u1ee1ng l\u00e3o B\u00ecnh M\u1ef9 tr\u1edf th\u00e0nh ng\u00f4i nh\u00e0\u00a0<strong>T\u00ccNH TH\u00c2N<\/strong>\u00a0c\u1ee7a r\u1ea5t nhi\u1ec1u Ng\u01b0\u1eddi cao tu\u1ed5i. D\u01b0\u1ee1ng l\u00e3o B\u00ecnh M\u1ef9 kh\u00f4ng d\u00e1m n\u00f3i ho\u00e0n h\u1ea3o, nh\u01b0ng lu\u00f4n n\u1ed7 l\u1ef1c\u00a0<strong>m\u1ed7i ng\u00e0y m\u1ed9t t\u1ed1t h\u01a1n<\/strong>.<\/span><\/p>\n<h3 style=\"text-align: justify;\"><span style=\"font-family: arial, helvetica, sans-serif; font-size: 16px;\">D\u01b0\u1ee1ng l\u00e3o B\u00ecnh M\u1ef9 ch\u00fang t\u00f4i lu\u00f4n l\u00e0m v\u00e0 th\u1ef1c hi\u1ec7n v\u1edbi Ng\u01b0\u1eddi cao tu\u1ed5i l\u00e0:\u00a0<strong>C<\/strong><strong>h\u0103m s\u00f3c t\u1ed1t\u00a0<\/strong><strong>l\u00e0 \u0111\u1ec3 cu\u1ed9c s\u1ed1ng t\u1ed1t h\u01a1n.<\/strong><\/span><\/h3>\n<p style=\"text-align: justify;\"><span style=\"font-family: arial, helvetica, sans-serif; font-size: 16px;\"><em>\u00a0B\u00f9i Anh Trung, Nh\u00e0 s\u00e1ng l\u1eadp D\u01b0\u1ee1ng l\u00e3o B\u00ecnh M\u1ef9<\/em><\/span><\/p>\n<p>[\/vc_column_text][\/vc_column][\/vc_row]<\/p>\n<\/div>","protected":false},"excerpt":{"rendered":"<p>[vc_row][vc_column][vc_column_text css=&#8221;&#8221;] D\u01b0\u1ee1ng l\u00e3o B\u00ecnh M\u1ef9 kh\u00f4ng kh\u1edfi \u0111\u1ea7u t\u1eeb m\u1ed9t k\u1ebf ho\u1ea1ch kinh doanh. N\u00f3 sinh ra t\u1eeb n\u1ed7i day d\u1ee9t c\u1ee7a ng\u01b0\u1eddi con t\u1eeb s\u1ef1 ra \u0111i c\u1ee7a m\u1ed9t ng\u01b0\u1eddi Cha. M\u1eb7c d\u00f9 gia \u0111\u00ecnh c\u00f3 \u0111i\u1ec1u ki\u1ec7n nh\u01b0ng kh\u00f4ng t\u00ecm \u0111\u01b0\u1ee3c ng\u01b0\u1eddi ch\u0103m s\u00f3c c\u00f3 chuy\u00ean m\u00f4n v\u00e0 c\u00f3 tr\u00e1ch nhi\u1ec7m. C\u00e2u [&hellip;]<\/p>\n","protected":false},"author":2,"featured_media":0,"parent":0,"menu_order":0,"comment_status":"closed","ping_status":"closed","template":"","meta":[],"yoast_head":"<!-- This site is optimized with the Yoast SEO plugin v18.5.1 - https:\/\/yoast.com\/wordpress\/plugins\/seo\/ -->\n<title>C\u00e2u chuy\u1ec7n kh\u1edfi nghi\u1ec7p B\u00ecnh M\u1ef9 - H\u1ec7 th\u1ed1ng D\u01b0\u1ee1ng l\u00e3o B\u00ecnh M\u1ef9<\/title>\n<meta name=\"robots\" content=\"index, follow, max-snippet:-1, max-image-preview:large, max-video-preview:-1\" \/>\n<link rel=\"canonical\" href=\"https:\/\/duonglaobinhmy.com\/ja\/cau-chuyen-binh-my\/\" \/>\n<meta property=\"og:locale\" content=\"ja_JP\" \/>\n<meta property=\"og:type\" content=\"article\" \/>\n<meta property=\"og:title\" content=\"C\u00e2u chuy\u1ec7n kh\u1edfi nghi\u1ec7p B\u00ecnh M\u1ef9 - H\u1ec7 th\u1ed1ng D\u01b0\u1ee1ng l\u00e3o B\u00ecnh M\u1ef9\" \/>\n<meta property=\"og:description\" content=\"[vc_row][vc_column][vc_column_text css=&#8221;&#8221;] D\u01b0\u1ee1ng l\u00e3o B\u00ecnh M\u1ef9 kh\u00f4ng kh\u1edfi \u0111\u1ea7u t\u1eeb m\u1ed9t k\u1ebf ho\u1ea1ch kinh doanh. N\u00f3 sinh ra t\u1eeb n\u1ed7i day d\u1ee9t c\u1ee7a ng\u01b0\u1eddi con t\u1eeb s\u1ef1 ra \u0111i c\u1ee7a m\u1ed9t ng\u01b0\u1eddi Cha. M\u1eb7c d\u00f9 gia \u0111\u00ecnh c\u00f3 \u0111i\u1ec1u ki\u1ec7n nh\u01b0ng kh\u00f4ng t\u00ecm \u0111\u01b0\u1ee3c ng\u01b0\u1eddi ch\u0103m s\u00f3c c\u00f3 chuy\u00ean m\u00f4n v\u00e0 c\u00f3 tr\u00e1ch nhi\u1ec7m. C\u00e2u [&hellip;]\" \/>\n<meta property=\"og:url\" content=\"https:\/\/duonglaobinhmy.com\/ja\/cau-chuyen-binh-my\/\" \/>\n<meta property=\"og:site_name\" content=\"H\u1ec7 th\u1ed1ng D\u01b0\u1ee1ng l\u00e3o B\u00ecnh M\u1ef9\" \/>\n<meta name=\"twitter:card\" content=\"summary_large_image\" \/>\n<meta name=\"twitter:label1\" content=\"\u63a8\u5b9a\u8aad\u307f\u53d6\u308a\u6642\u9593\" \/>\n\t<meta name=\"twitter:data1\" content=\"3 minutes\" \/>\n<script type=\"application\/ld+json\" class=\"yoast-schema-graph\">{\"@context\":\"https:\/\/schema.org\",\"@graph\":[{\"@type\":\"WebSite\",\"@id\":\"https:\/\/duonglaobinhmy.com\/ja\/#website\",\"url\":\"https:\/\/duonglaobinhmy.com\/ja\/\",\"name\":\"H\u1ec7 th\u1ed1ng D\u01b0\u1ee1ng l\u00e3o B\u00ecnh M\u1ef9\",\"description\":\"H\u1ec7 th\u1ed1ng D\u01b0\u1ee1ng l\u00e3o B\u00ecnh M\u1ef9\",\"potentialAction\":[{\"@type\":\"SearchAction\",\"target\":{\"@type\":\"EntryPoint\",\"urlTemplate\":\"https:\/\/duonglaobinhmy.com\/ja\/?s={search_term_string}\"},\"query-input\":\"required name=search_term_string\"}],\"inLanguage\":\"ja\"},{\"@type\":\"WebPage\",\"@id\":\"https:\/\/duonglaobinhmy.com\/ja\/cau-chuyen-binh-my\/#webpage\",\"url\":\"https:\/\/duonglaobinhmy.com\/ja\/cau-chuyen-binh-my\/\",\"name\":\"C\u00e2u chuy\u1ec7n kh\u1edfi nghi\u1ec7p B\u00ecnh M\u1ef9 - H\u1ec7 th\u1ed1ng D\u01b0\u1ee1ng l\u00e3o B\u00ecnh M\u1ef9\",\"isPartOf\":{\"@id\":\"https:\/\/duonglaobinhmy.com\/ja\/#website\"},\"datePublished\":\"2025-09-22T09:09:55+00:00\",\"dateModified\":\"2025-09-22T09:09:55+00:00\",\"breadcrumb\":{\"@id\":\"https:\/\/duonglaobinhmy.com\/ja\/cau-chuyen-binh-my\/#breadcrumb\"},\"inLanguage\":\"ja\",\"potentialAction\":[{\"@type\":\"ReadAction\",\"target\":[\"https:\/\/duonglaobinhmy.com\/ja\/cau-chuyen-binh-my\/\"]}]},{\"@type\":\"BreadcrumbList\",\"@id\":\"https:\/\/duonglaobinhmy.com\/ja\/cau-chuyen-binh-my\/#breadcrumb\",\"itemListElement\":[{\"@type\":\"ListItem\",\"position\":1,\"name\":\"Home\",\"item\":\"https:\/\/duonglaobinhmy.com\/ja\/\"},{\"@type\":\"ListItem\",\"position\":2,\"name\":\"C\u00e2u chuy\u1ec7n kh\u1edfi nghi\u1ec7p B\u00ecnh M\u1ef9\"}]}]}<\/script>\n<!-- \/ Yoast SEO plugin. -->","yoast_head_json":{"title":"C\u00e2u chuy\u1ec7n kh\u1edfi nghi\u1ec7p B\u00ecnh M\u1ef9 - H\u1ec7 th\u1ed1ng D\u01b0\u1ee1ng l\u00e3o B\u00ecnh M\u1ef9","robots":{"index":"index","follow":"follow","max-snippet":"max-snippet:-1","max-image-preview":"max-image-preview:large","max-video-preview":"max-video-preview:-1"},"canonical":"https:\/\/duonglaobinhmy.com\/ja\/cau-chuyen-binh-my\/","og_locale":"ja_JP","og_type":"article","og_title":"C\u00e2u chuy\u1ec7n kh\u1edfi nghi\u1ec7p B\u00ecnh M\u1ef9 - H\u1ec7 th\u1ed1ng D\u01b0\u1ee1ng l\u00e3o B\u00ecnh M\u1ef9","og_description":"[vc_row][vc_column][vc_column_text css=&#8221;&#8221;] D\u01b0\u1ee1ng l\u00e3o B\u00ecnh M\u1ef9 kh\u00f4ng kh\u1edfi \u0111\u1ea7u t\u1eeb m\u1ed9t k\u1ebf ho\u1ea1ch kinh doanh. N\u00f3 sinh ra t\u1eeb n\u1ed7i day d\u1ee9t c\u1ee7a ng\u01b0\u1eddi con t\u1eeb s\u1ef1 ra \u0111i c\u1ee7a m\u1ed9t ng\u01b0\u1eddi Cha. M\u1eb7c d\u00f9 gia \u0111\u00ecnh c\u00f3 \u0111i\u1ec1u ki\u1ec7n nh\u01b0ng kh\u00f4ng t\u00ecm \u0111\u01b0\u1ee3c ng\u01b0\u1eddi ch\u0103m s\u00f3c c\u00f3 chuy\u00ean m\u00f4n v\u00e0 c\u00f3 tr\u00e1ch nhi\u1ec7m. C\u00e2u [&hellip;]","og_url":"https:\/\/duonglaobinhmy.com\/ja\/cau-chuyen-binh-my\/","og_site_name":"H\u1ec7 th\u1ed1ng D\u01b0\u1ee1ng l\u00e3o B\u00ecnh M\u1ef9","twitter_card":"summary_large_image","twitter_misc":{"\u63a8\u5b9a\u8aad\u307f\u53d6\u308a\u6642\u9593":"3 minutes"},"schema":{"@context":"https:\/\/schema.org","@graph":[{"@type":"WebSite","@id":"https:\/\/duonglaobinhmy.com\/ja\/#website","url":"https:\/\/duonglaobinhmy.com\/ja\/","name":"H\u1ec7 th\u1ed1ng D\u01b0\u1ee1ng l\u00e3o B\u00ecnh M\u1ef9","description":"H\u1ec7 th\u1ed1ng D\u01b0\u1ee1ng l\u00e3o B\u00ecnh M\u1ef9","potentialAction":[{"@type":"SearchAction","target":{"@type":"EntryPoint","urlTemplate":"https:\/\/duonglaobinhmy.com\/ja\/?s={search_term_string}"},"query-input":"required name=search_term_string"}],"inLanguage":"ja"},{"@type":"WebPage","@id":"https:\/\/duonglaobinhmy.com\/ja\/cau-chuyen-binh-my\/#webpage","url":"https:\/\/duonglaobinhmy.com\/ja\/cau-chuyen-binh-my\/","name":"C\u00e2u chuy\u1ec7n kh\u1edfi nghi\u1ec7p B\u00ecnh M\u1ef9 - H\u1ec7 th\u1ed1ng D\u01b0\u1ee1ng l\u00e3o B\u00ecnh M\u1ef9","isPartOf":{"@id":"https:\/\/duonglaobinhmy.com\/ja\/#website"},"datePublished":"2025-09-22T09:09:55+00:00","dateModified":"2025-09-22T09:09:55+00:00","breadcrumb":{"@id":"https:\/\/duonglaobinhmy.com\/ja\/cau-chuyen-binh-my\/#breadcrumb"},"inLanguage":"ja","potentialAction":[{"@type":"ReadAction","target":["https:\/\/duonglaobinhmy.com\/ja\/cau-chuyen-binh-my\/"]}]},{"@type":"BreadcrumbList","@id":"https:\/\/duonglaobinhmy.com\/ja\/cau-chuyen-binh-my\/#breadcrumb","itemListElement":[{"@type":"ListItem","position":1,"name":"Home","item":"https:\/\/duonglaobinhmy.com\/ja\/"},{"@type":"ListItem","position":2,"name":"C\u00e2u chuy\u1ec7n kh\u1edfi nghi\u1ec7p B\u00ecnh M\u1ef9"}]}]}},"_links":{"self":[{"href":"https:\/\/duonglaobinhmy.com\/ja\/wp-json\/wp\/v2\/pages\/27662"}],"collection":[{"href":"https:\/\/duonglaobinhmy.com\/ja\/wp-json\/wp\/v2\/pages"}],"about":[{"href":"https:\/\/duonglaobinhmy.com\/ja\/wp-json\/wp\/v2\/types\/page"}],"author":[{"embeddable":true,"href":"https:\/\/duonglaobinhmy.com\/ja\/wp-json\/wp\/v2\/users\/2"}],"replies":[{"embeddable":true,"href":"https:\/\/duonglaobinhmy.com\/ja\/wp-json\/wp\/v2\/comments?post=27662"}],"version-history":[{"count":0,"href":"https:\/\/duonglaobinhmy.com\/ja\/wp-json\/wp\/v2\/pages\/27662\/revisions"}],"wp:attachment":[{"href":"https:\/\/duonglaobinhmy.com\/ja\/wp-json\/wp\/v2\/media?parent=27662"}],"curies":[{"name":"wp","href":"https:\/\/api.w.org\/{rel}","templated":true}]}}