{"id":27668,"date":"2025-09-05T14:55:33","date_gmt":"2025-09-05T07:55:33","guid":{"rendered":"https:\/\/duonglaobinhmy.com\/lien-he-duong-lao\/"},"modified":"2026-02-02T11:09:46","modified_gmt":"2026-02-02T04:09:46","slug":"lien-he-duong-lao","status":"publish","type":"page","link":"https:\/\/duonglaobinhmy.com\/ja\/lien-he-duong-lao\/","title":{"rendered":"Li\u00ean H\u1ec7"},"content":{"rendered":"<div class=\"wpb-content-wrapper\"><p>[vc_row][vc_column width=&#8221;1\/2&#8243; css=&#8221;.vc_custom_1758687953165{padding-bottom: 0px !important;}&#8221;][vc_custom_heading text=&#8221;C\u01a0 S\u1ede B\u00ccNH M\u1ef8&#8221; font_container=&#8221;tag:h3|font_size:18|text_align:left&#8221; use_theme_fonts=&#8221;yes&#8221; css=&#8221;&#8221;][vc_column_text css=&#8221;&#8221;]\u0110\u1ecba ch\u1ec9: 3D \u0110\u01b0\u1eddng 171, \u1ea4p 5, X\u00e3 B\u00ecnh M\u1ef9, TP.HCM<\/p>\n<p><span style=\"color: #ff0000;\">[Xem v\u1ecb tr\u00ed]<\/span>[\/vc_column_text][\/vc_column][vc_column width=&#8221;1\/2&#8243; css=&#8221;.vc_custom_1758687965197{padding-bottom: 0px !important;}&#8221;][vc_custom_heading text=&#8221;C\u01a0 S\u1ede D\u01af\u01a0NG QU\u1ea2NG H\u00c0M&#8221; font_container=&#8221;tag:h3|font_size:18|text_align:left&#8221; use_theme_fonts=&#8221;yes&#8221; css=&#8221;&#8221;][vc_column_text css=&#8221;&#8221;]\u0110\u1ecba ch\u1ec9: 496\/63\/10B1 D\u01b0\u01a1ng Qu\u1ea3ng H\u00e0m, Ph\u01b0\u1eddng An Nh\u01a1n, TP.HCM<\/p>\n<p><span style=\"color: #ff0000;\">[Xem v\u1ecb tr\u00ed]<\/span>[\/vc_column_text][\/vc_column][\/vc_row][vc_row][vc_column width=&#8221;1\/2&#8243; css=&#8221;.vc_custom_1758688021139{margin-top: 0px !important;margin-bottom: 10px !important;padding-top: 0px !important;}&#8221;][vc_custom_heading text=&#8221;C\u01a0 S\u1ede NGUY\u1ec4N TU\u00c2N&#8221; font_container=&#8221;tag:h3|font_size:18|text_align:left&#8221; use_theme_fonts=&#8221;yes&#8221; css=&#8221;&#8221;][vc_column_text css=&#8221;&#8221;]\u0110\u1ecba ch\u1ec9: 15 Nguy\u1ec5n Tu\u00e2n, Ph\u01b0\u1eddng H\u1ea1nh Th\u00f4ng, TP.HCM<\/p>\n<p><span style=\"color: #ff0000;\">[Xem v\u1ecb tr\u00ed]<\/span>[\/vc_column_text][\/vc_column][vc_column width=&#8221;1\/2&#8243; css=&#8221;.vc_custom_1758688009219{margin-top: 0px !important;padding-top: 0px !important;}&#8221;][vc_custom_heading text=&#8221;C\u01a0 S\u1ede AN H\u1ed8I&#8221; font_container=&#8221;tag:h3|font_size:18|text_align:left&#8221; use_theme_fonts=&#8221;yes&#8221; css=&#8221;&#8221;][vc_column_text css=&#8221;&#8221;]\u0110\u1ecba ch\u1ec9: 29\/2 An H\u1ed9i, Ph\u01b0\u1eddng An H\u1ed9i \u0110\u00f4ng, TP.HCM<\/p>\n<p><span style=\"color: #ff0000;\">[Xem v\u1ecb tr\u00ed]<\/span>[\/vc_column_text][\/vc_column][\/vc_row][vc_row][vc_column width=&#8221;1\/2&#8243; css=&#8221;.vc_custom_1758688021139{margin-top: 0px !important;margin-bottom: 10px !important;padding-top: 0px !important;}&#8221;][vc_custom_heading text=&#8221;C\u01a0 S\u1ede H\u00c0 HUY GI\u00c1P&#8221; font_container=&#8221;tag:h3|font_size:18|text_align:left&#8221; use_theme_fonts=&#8221;yes&#8221; css=&#8221;&#8221;][vc_column_text css=&#8221;&#8221;]\u0110\u1ecba ch\u1ec9: 484\/1A H\u00e0 Huy Gi\u00e1p, ph\u01b0\u1eddng An Ph\u00fa \u0110\u00f4ng, TP HCM<\/p>\n<p><a href=\"https:\/\/share.google\/rWBtnvsHRds5gOjdC\"><span style=\"color: #ff0000;\">[Xem v\u1ecb tr\u00ed]<\/span><\/a>[\/vc_column_text][\/vc_column][\/vc_row][vc_row][vc_column css=&#8221;.vc_custom_1758688051644{padding-top: 0px !important;padding-bottom: 0px !important;}&#8221;][vc_custom_heading text=&#8221;GI\u1edc \u0110\u00d3N TI\u1ebeP NG\u01af\u1edcI NH\u00c0&#8221; font_container=&#8221;tag:h2|text_align:left|color:%23207F3E&#8221; use_theme_fonts=&#8221;yes&#8221; css=&#8221;&#8221;][vc_row_inner][vc_column_inner width=&#8221;1\/2&#8243;][vc_column_text css=&#8221;&#8221; el_class=&#8221;contact-list__item&#8221;]S\u00e1ng: 08h30 \u2013 10h30<br \/>\nChi\u1ec1u: 14h30 \u2013 16h30<\/p>\n<p>(Tr\u1eeb Th\u1ee9 5 h\u00e0ng tu\u1ea7n)[\/vc_column_text][\/vc_column_inner][vc_column_inner width=&#8221;1\/2&#8243;][vc_raw_html css=&#8221;&#8221;]JTNDZGl2JTIwY2xhc3MlM0QlMjJmdC1jb250ZW50JTIyJTNFJTBBJTA5JTA5JTA5JTA5JTA5JTNDZGl2JTIwY2xhc3MlM0QlMjJmdC1pbmZvJTIyJTNFJTBBJTA5JTA5JTA5JTA5JTA5JTA5JTNDc3BhbiUyMGNsYXNzJTNEJTIyaWNvbi1oZWFkJTIyJTNFJTNDaSUyMGNsYXNzJTNEJTIyZmElMjBmYS1waG9uZSUyMiUzRSUzQyUyRmklM0UlM0MlMkZzcGFuJTNFJTNDc3BhbiUyMGNsYXNzJTNEJTIyaWNvbi1iZCUyMiUzRSUyMCUyMDA3ODklMjA3NTc1JTIwMzklM0MlMkZzcGFuJTNFJTBBJTA5JTA5JTA5JTA5JTA5JTA5JTNDJTJGZGl2JTNFJTBBJTA5JTA5JTA5JTA5JTA5JTA5JTNDZGl2JTIwY2xhc3MlM0QlMjJmdC1pbmZvJTIyJTNFJTBBJTA5JTA5JTA5JTA5JTA5JTA5JTNDc3BhbiUyMGNsYXNzJTNEJTIyaWNvbi1oZWFkJTIyJTNFJTNDaSUyMGNsYXNzJTNEJTIyZmElMjBmYS1lbnZlbG9wZSUyMiUzRSUzQyUyRmklM0UlM0MlMkZzcGFuJTNFJTNDc3BhbiUyMGNsYXNzJTNEJTIyaWNvbi1iZCUyMiUzRSUyMCUzQ2ElMjBocmVmJTNEJTIybWFpbHRvJTNBY3NraCU0MGR1b25nbGFvYmluaG15LmNvbSUyMiUyMGNsYXNzJTNEJTIybGluayUyMiUzRSUwQSUyMCUyMCUyMCUyMCUyMCUyMCUyMCUyMCUyMCUyMCUyMCUyMCUyMCUyMCUyMCUyMCUyMCUyMCUyMCUyMCUyMCUyMCUyMCUyMCUyMCUyMCUyMCUyMCUyMCUyMCUyMCUyMGNza2glNDBkdW9uZ2xhb2JpbmhteS5jb20lMjAlMjAlMjAlMjAlMjAlMjAlMjAlMjAlMjAlMjAlMjAlMjAlMjAlMjAlMjAlMjAlMjAlMjAlMjAlMjAlMjAlMjAlMjAlMjAlMjAlMjAlMjAlMjAlM0MlMkZhJTNFJTNDJTJGc3BhbiUzRSUwQSUwOSUwOSUwOSUwOSUwOSUwOSUzQyUyRmRpdiUzRSUwQSUwOSUwOSUwOSUwOSUwOSUzQyUyRmRpdiUzRQ==[\/vc_raw_html][\/vc_column_inner][\/vc_row_inner][\/vc_column][\/vc_row][vc_row el_class=&#8221;contact-form&#8221;][vc_column][vc_empty_space height=&#8221;1vw&#8221;][vc_custom_heading text=&#8221;LI\u00caN H\u1ec6 CH\u00daNG T\u00d4I&#8221; font_container=&#8221;tag:h2|text_align:left|color:%23207F3E&#8221; use_theme_fonts=&#8221;yes&#8221; css=&#8221;&#8221;]<div role=\"form\" class=\"wpcf7\" id=\"wpcf7-f166-o1\" lang=\"en-US\" dir=\"ltr\">\n<div class=\"screen-reader-response\"><p role=\"status\" aria-live=\"polite\" aria-atomic=\"true\"><\/p> <ul><\/ul><\/div>\n<form action=\"\/ja\/wp-json\/wp\/v2\/pages\/27668#wpcf7-f166-o1\" method=\"post\" class=\"wpcf7-form init\" novalidate=\"novalidate\" data-status=\"init\">\n<div style=\"display: none;\">\n<input type=\"hidden\" name=\"_wpcf7\" value=\"166\" \/>\n<input type=\"hidden\" name=\"_wpcf7_version\" value=\"5.5.6\" \/>\n<input type=\"hidden\" name=\"_wpcf7_locale\" value=\"en_US\" \/>\n<input type=\"hidden\" name=\"_wpcf7_unit_tag\" value=\"wpcf7-f166-o1\" \/>\n<input type=\"hidden\" name=\"_wpcf7_container_post\" value=\"0\" \/>\n<input type=\"hidden\" name=\"_wpcf7_posted_data_hash\" value=\"\" \/>\n<\/div>\n<span class=\"wpcf7-form-control-wrap text-910\"><input type=\"text\" name=\"text-910\" value=\"\" size=\"40\" class=\"wpcf7-form-control wpcf7-text wpcf7-validates-as-required f-control\" aria-required=\"true\" aria-invalid=\"false\" placeholder=\"H\u1ecd\" \/><\/span>\n   <span class=\"wpcf7-form-control-wrap text-ten\"><input type=\"text\" name=\"text-ten\" value=\"\" size=\"40\" class=\"wpcf7-form-control wpcf7-text wpcf7-validates-as-required f-control\" aria-required=\"true\" aria-invalid=\"false\" placeholder=\"T\u00ean\" \/><\/span>\n    <span class=\"wpcf7-form-control-wrap tel-168\"><input type=\"tel\" name=\"tel-168\" value=\"\" size=\"40\" class=\"wpcf7-form-control wpcf7-text wpcf7-tel wpcf7-validates-as-required wpcf7-validates-as-tel f-control\" aria-required=\"true\" aria-invalid=\"false\" placeholder=\"S\u1ed1 \u0111i\u1ec7n tho\u1ea1i c\u1ee7a b\u1ea1n\" \/><\/span>\n    <span class=\"wpcf7-form-control-wrap email-958\"><input type=\"email\" name=\"email-958\" value=\"\" size=\"40\" class=\"wpcf7-form-control wpcf7-text wpcf7-email wpcf7-validates-as-required wpcf7-validates-as-email f-control\" aria-required=\"true\" aria-invalid=\"false\" placeholder=\"Email\" \/><\/span>\n   <span class=\"wpcf7-form-control-wrap textarea-931\"><textarea name=\"textarea-931\" cols=\"40\" rows=\"10\" class=\"wpcf7-form-control wpcf7-textarea wpcf7-validates-as-required f-control\" aria-required=\"true\" aria-invalid=\"false\" placeholder=\"N\u1ed9i Dung\"><\/textarea><\/span>\n    <div class=\"f-submit\">\n        <button type=\"submit\" class=\"main-btn btn-170 btn-red\">\n            <span> G\u1eedi <\/span>\n        <\/button>\n<span class=\"ajax-loader\"><\/span>\n    <\/div><div class=\"wpcf7-response-output\" aria-hidden=\"true\"><\/div><\/form><\/div>[vc_empty_space height=&#8221;3vh&#8221;][\/vc_column][\/vc_row][vc_row full_width=&#8221;stretch_row_content_no_spaces&#8221;][vc_column][vc_gmaps link=&#8221;#E-8_JTNDaWZyYW1lJTIwc3JjJTNEJTIyaHR0cHMlM0ElMkYlMkZ3d3cuZ29vZ2xlLmNvbSUyRm1hcHMlMkZlbWJlZCUzRnBiJTNEJTIxMW0xNCUyMTFtOCUyMTFtMyUyMTFkMzEzMzcuNzQ2ODE2NTgyMzYlMjEyZDEwNi42NDQ1NzYlMjEzZDEwLjk0Njg3MiUyMTNtMiUyMTFpMTAyNCUyMTJpNzY4JTIxNGYxMy4xJTIxM20zJTIxMW0yJTIxMXMweDMxNzRkNjk2MDEyM2VmNWQlMjUzQTB4OGVkZDY2MDM1YTA4MjI4NSUyMTJ6U09HN2h5QjBhT0c3a1c1bklFVEdzT0c3b1c1bklHekRvMjhnUXNPc2JtZ2dUZUc3dVNBdElFUEdvU0J6NGJ1ZklFTERyRzVvSUUzaHU3a3NJRVBodTZjZ1EyaHAlMjE1ZTAlMjEzbTIlMjExc3ZpJTIxMnN1cyUyMTR2MTc1NjQ0MjQ2NjE5MCUyMTVtMiUyMTFzdmklMjEyc3VzJTIyJTIwd2lkdGglM0QlMjIxMDAlMjUlMjIlMjBoZWlnaHQlM0QlMjI0NTAlMjIlMjBzdHlsZSUzRCUyMmJvcmRlciUzQTAlM0IlMjIlMjBhbGxvd2Z1bGxzY3JlZW4lM0QlMjIlMjIlMjBsb2FkaW5nJTNEJTIybGF6eSUyMiUyMHJlZmVycmVycG9saWN5JTNEJTIybm8tcmVmZXJyZXItd2hlbi1kb3duZ3JhZGUlMjIlM0UlM0MlMkZpZnJhbWUlM0U=&#8221; css=&#8221;&#8221;][\/vc_column][\/vc_row]<\/p>\n<\/div>","protected":false},"excerpt":{"rendered":"<p>[vc_row][vc_column width=&#8221;1\/2&#8243; css=&#8221;.vc_custom_1758687953165{padding-bottom: 0px !important;}&#8221;][vc_custom_heading text=&#8221;C\u01a0 S\u1ede B\u00ccNH M\u1ef8&#8221; font_container=&#8221;tag:h3|font_size:18|text_align:left&#8221; use_theme_fonts=&#8221;yes&#8221; css=&#8221;&#8221;][vc_column_text css=&#8221;&#8221;]\u0110\u1ecba ch\u1ec9: 3D \u0110\u01b0\u1eddng 171, \u1ea4p 5, X\u00e3 B\u00ecnh M\u1ef9, TP.HCM [Xem v\u1ecb tr\u00ed][\/vc_column_text][\/vc_column][vc_column width=&#8221;1\/2&#8243; css=&#8221;.vc_custom_1758687965197{padding-bottom: 0px !important;}&#8221;][vc_custom_heading text=&#8221;C\u01a0 S\u1ede D\u01af\u01a0NG QU\u1ea2NG H\u00c0M&#8221; font_container=&#8221;tag:h3|font_size:18|text_align:left&#8221; use_theme_fonts=&#8221;yes&#8221; css=&#8221;&#8221;][vc_column_text css=&#8221;&#8221;]\u0110\u1ecba ch\u1ec9: 496\/63\/10B1 D\u01b0\u01a1ng Qu\u1ea3ng H\u00e0m, Ph\u01b0\u1eddng An Nh\u01a1n, TP.HCM [Xem v\u1ecb tr\u00ed][\/vc_column_text][\/vc_column][\/vc_row][vc_row][vc_column width=&#8221;1\/2&#8243; css=&#8221;.vc_custom_1758688021139{margin-top: 0px !important;margin-bottom: [&hellip;]<\/p>\n","protected":false},"author":2,"featured_media":24889,"parent":0,"menu_order":0,"comment_status":"closed","ping_status":"closed","template":"","meta":[],"yoast_head":"<!-- This site is optimized with the Yoast SEO plugin v18.5.1 - https:\/\/yoast.com\/wordpress\/plugins\/seo\/ -->\n<title>Li\u00ean H\u1ec7 - H\u1ec7 th\u1ed1ng D\u01b0\u1ee1ng l\u00e3o B\u00ecnh M\u1ef9<\/title>\n<meta name=\"description\" content=\"Th\u00f4ng tin li\u00ean h\u1ec7 c\u1ee7a H\u1ec7 th\u1ed1ng D\u01b0\u1ee1ng l\u00e3o B\u00ecnh M\u1ef9. Hotline: 0789 7575 39. Email: cskh@duonglaobinhmy.com. v\u00e0 4 c\u01a1 s\u1edf ch\u0103m s\u00f3c ng\u01b0\u1eddi cao tu\u1ed5i\" \/>\n<meta name=\"robots\" content=\"index, follow, max-snippet:-1, max-image-preview:large, max-video-preview:-1\" \/>\n<link rel=\"canonical\" href=\"https:\/\/duonglaobinhmy.com\/ja\/lien-he-duong-lao\/\" \/>\n<meta property=\"og:locale\" content=\"ja_JP\" \/>\n<meta property=\"og:type\" content=\"article\" \/>\n<meta property=\"og:title\" content=\"Li\u00ean H\u1ec7 - H\u1ec7 th\u1ed1ng D\u01b0\u1ee1ng l\u00e3o B\u00ecnh M\u1ef9\" \/>\n<meta property=\"og:description\" content=\"Th\u00f4ng tin li\u00ean h\u1ec7 c\u1ee7a H\u1ec7 th\u1ed1ng D\u01b0\u1ee1ng l\u00e3o B\u00ecnh M\u1ef9. Hotline: 0789 7575 39. Email: cskh@duonglaobinhmy.com. v\u00e0 4 c\u01a1 s\u1edf ch\u0103m s\u00f3c ng\u01b0\u1eddi cao tu\u1ed5i\" \/>\n<meta property=\"og:url\" content=\"https:\/\/duonglaobinhmy.com\/ja\/lien-he-duong-lao\/\" \/>\n<meta property=\"og:site_name\" content=\"H\u1ec7 th\u1ed1ng D\u01b0\u1ee1ng l\u00e3o B\u00ecnh M\u1ef9\" \/>\n<meta property=\"article:modified_time\" content=\"2026-02-02T04:09:46+00:00\" \/>\n<meta property=\"og:image\" content=\"https:\/\/duonglaobinhmy.com\/wp-content\/uploads\/2025\/07\/Thong-tin-lien-he-ve-He-thong-duong-lao-Binh-My.jpg\" \/>\n\t<meta property=\"og:image:width\" content=\"1200\" \/>\n\t<meta property=\"og:image:height\" content=\"627\" \/>\n\t<meta property=\"og:image:type\" content=\"image\/jpeg\" \/>\n<meta name=\"twitter:card\" content=\"summary_large_image\" \/>\n<meta name=\"twitter:label1\" content=\"\u63a8\u5b9a\u8aad\u307f\u53d6\u308a\u6642\u9593\" \/>\n\t<meta name=\"twitter:data1\" content=\"3 minutes\" \/>\n<script type=\"application\/ld+json\" class=\"yoast-schema-graph\">{\"@context\":\"https:\/\/schema.org\",\"@graph\":[{\"@type\":\"WebSite\",\"@id\":\"https:\/\/duonglaobinhmy.com\/ja\/#website\",\"url\":\"https:\/\/duonglaobinhmy.com\/ja\/\",\"name\":\"H\u1ec7 th\u1ed1ng D\u01b0\u1ee1ng l\u00e3o B\u00ecnh M\u1ef9\",\"description\":\"H\u1ec7 th\u1ed1ng D\u01b0\u1ee1ng l\u00e3o B\u00ecnh M\u1ef9\",\"potentialAction\":[{\"@type\":\"SearchAction\",\"target\":{\"@type\":\"EntryPoint\",\"urlTemplate\":\"https:\/\/duonglaobinhmy.com\/ja\/?s={search_term_string}\"},\"query-input\":\"required name=search_term_string\"}],\"inLanguage\":\"ja\"},{\"@type\":\"ImageObject\",\"@id\":\"https:\/\/duonglaobinhmy.com\/ja\/lien-he-duong-lao\/#primaryimage\",\"inLanguage\":\"ja\",\"url\":\"https:\/\/duonglaobinhmy.com\/wp-content\/uploads\/2025\/07\/Thong-tin-lien-he-ve-He-thong-duong-lao-Binh-My.jpg\",\"contentUrl\":\"https:\/\/duonglaobinhmy.com\/wp-content\/uploads\/2025\/07\/Thong-tin-lien-he-ve-He-thong-duong-lao-Binh-My.jpg\",\"width\":1200,\"height\":627},{\"@type\":\"WebPage\",\"@id\":\"https:\/\/duonglaobinhmy.com\/ja\/lien-he-duong-lao\/#webpage\",\"url\":\"https:\/\/duonglaobinhmy.com\/ja\/lien-he-duong-lao\/\",\"name\":\"Li\u00ean H\u1ec7 - H\u1ec7 th\u1ed1ng D\u01b0\u1ee1ng l\u00e3o B\u00ecnh M\u1ef9\",\"isPartOf\":{\"@id\":\"https:\/\/duonglaobinhmy.com\/ja\/#website\"},\"primaryImageOfPage\":{\"@id\":\"https:\/\/duonglaobinhmy.com\/ja\/lien-he-duong-lao\/#primaryimage\"},\"datePublished\":\"2025-09-05T07:55:33+00:00\",\"dateModified\":\"2026-02-02T04:09:46+00:00\",\"description\":\"Th\u00f4ng tin li\u00ean h\u1ec7 c\u1ee7a H\u1ec7 th\u1ed1ng D\u01b0\u1ee1ng l\u00e3o B\u00ecnh M\u1ef9. Hotline: 0789 7575 39. Email: cskh@duonglaobinhmy.com. v\u00e0 4 c\u01a1 s\u1edf ch\u0103m s\u00f3c ng\u01b0\u1eddi cao tu\u1ed5i\",\"breadcrumb\":{\"@id\":\"https:\/\/duonglaobinhmy.com\/ja\/lien-he-duong-lao\/#breadcrumb\"},\"inLanguage\":\"ja\",\"potentialAction\":[{\"@type\":\"ReadAction\",\"target\":[\"https:\/\/duonglaobinhmy.com\/ja\/lien-he-duong-lao\/\"]}]},{\"@type\":\"BreadcrumbList\",\"@id\":\"https:\/\/duonglaobinhmy.com\/ja\/lien-he-duong-lao\/#breadcrumb\",\"itemListElement\":[{\"@type\":\"ListItem\",\"position\":1,\"name\":\"Home\",\"item\":\"https:\/\/duonglaobinhmy.com\/ja\/\"},{\"@type\":\"ListItem\",\"position\":2,\"name\":\"Li\u00ean H\u1ec7\"}]}]}<\/script>\n<!-- \/ Yoast SEO plugin. -->","yoast_head_json":{"title":"Li\u00ean H\u1ec7 - H\u1ec7 th\u1ed1ng D\u01b0\u1ee1ng l\u00e3o B\u00ecnh M\u1ef9","description":"Th\u00f4ng tin li\u00ean h\u1ec7 c\u1ee7a H\u1ec7 th\u1ed1ng D\u01b0\u1ee1ng l\u00e3o B\u00ecnh M\u1ef9. Hotline: 0789 7575 39. Email: cskh@duonglaobinhmy.com. v\u00e0 4 c\u01a1 s\u1edf ch\u0103m s\u00f3c ng\u01b0\u1eddi cao tu\u1ed5i","robots":{"index":"index","follow":"follow","max-snippet":"max-snippet:-1","max-image-preview":"max-image-preview:large","max-video-preview":"max-video-preview:-1"},"canonical":"https:\/\/duonglaobinhmy.com\/ja\/lien-he-duong-lao\/","og_locale":"ja_JP","og_type":"article","og_title":"Li\u00ean H\u1ec7 - H\u1ec7 th\u1ed1ng D\u01b0\u1ee1ng l\u00e3o B\u00ecnh M\u1ef9","og_description":"Th\u00f4ng tin li\u00ean h\u1ec7 c\u1ee7a H\u1ec7 th\u1ed1ng D\u01b0\u1ee1ng l\u00e3o B\u00ecnh M\u1ef9. Hotline: 0789 7575 39. Email: cskh@duonglaobinhmy.com. v\u00e0 4 c\u01a1 s\u1edf ch\u0103m s\u00f3c ng\u01b0\u1eddi cao tu\u1ed5i","og_url":"https:\/\/duonglaobinhmy.com\/ja\/lien-he-duong-lao\/","og_site_name":"H\u1ec7 th\u1ed1ng D\u01b0\u1ee1ng l\u00e3o B\u00ecnh M\u1ef9","article_modified_time":"2026-02-02T04:09:46+00:00","og_image":[{"width":1200,"height":627,"url":"https:\/\/duonglaobinhmy.com\/wp-content\/uploads\/2025\/07\/Thong-tin-lien-he-ve-He-thong-duong-lao-Binh-My.jpg","type":"image\/jpeg"}],"twitter_card":"summary_large_image","twitter_misc":{"\u63a8\u5b9a\u8aad\u307f\u53d6\u308a\u6642\u9593":"3 minutes"},"schema":{"@context":"https:\/\/schema.org","@graph":[{"@type":"WebSite","@id":"https:\/\/duonglaobinhmy.com\/ja\/#website","url":"https:\/\/duonglaobinhmy.com\/ja\/","name":"H\u1ec7 th\u1ed1ng D\u01b0\u1ee1ng l\u00e3o B\u00ecnh M\u1ef9","description":"H\u1ec7 th\u1ed1ng D\u01b0\u1ee1ng l\u00e3o B\u00ecnh M\u1ef9","potentialAction":[{"@type":"SearchAction","target":{"@type":"EntryPoint","urlTemplate":"https:\/\/duonglaobinhmy.com\/ja\/?s={search_term_string}"},"query-input":"required name=search_term_string"}],"inLanguage":"ja"},{"@type":"ImageObject","@id":"https:\/\/duonglaobinhmy.com\/ja\/lien-he-duong-lao\/#primaryimage","inLanguage":"ja","url":"https:\/\/duonglaobinhmy.com\/wp-content\/uploads\/2025\/07\/Thong-tin-lien-he-ve-He-thong-duong-lao-Binh-My.jpg","contentUrl":"https:\/\/duonglaobinhmy.com\/wp-content\/uploads\/2025\/07\/Thong-tin-lien-he-ve-He-thong-duong-lao-Binh-My.jpg","width":1200,"height":627},{"@type":"WebPage","@id":"https:\/\/duonglaobinhmy.com\/ja\/lien-he-duong-lao\/#webpage","url":"https:\/\/duonglaobinhmy.com\/ja\/lien-he-duong-lao\/","name":"Li\u00ean H\u1ec7 - H\u1ec7 th\u1ed1ng D\u01b0\u1ee1ng l\u00e3o B\u00ecnh M\u1ef9","isPartOf":{"@id":"https:\/\/duonglaobinhmy.com\/ja\/#website"},"primaryImageOfPage":{"@id":"https:\/\/duonglaobinhmy.com\/ja\/lien-he-duong-lao\/#primaryimage"},"datePublished":"2025-09-05T07:55:33+00:00","dateModified":"2026-02-02T04:09:46+00:00","description":"Th\u00f4ng tin li\u00ean h\u1ec7 c\u1ee7a H\u1ec7 th\u1ed1ng D\u01b0\u1ee1ng l\u00e3o B\u00ecnh M\u1ef9. Hotline: 0789 7575 39. Email: cskh@duonglaobinhmy.com. v\u00e0 4 c\u01a1 s\u1edf ch\u0103m s\u00f3c ng\u01b0\u1eddi cao tu\u1ed5i","breadcrumb":{"@id":"https:\/\/duonglaobinhmy.com\/ja\/lien-he-duong-lao\/#breadcrumb"},"inLanguage":"ja","potentialAction":[{"@type":"ReadAction","target":["https:\/\/duonglaobinhmy.com\/ja\/lien-he-duong-lao\/"]}]},{"@type":"BreadcrumbList","@id":"https:\/\/duonglaobinhmy.com\/ja\/lien-he-duong-lao\/#breadcrumb","itemListElement":[{"@type":"ListItem","position":1,"name":"Home","item":"https:\/\/duonglaobinhmy.com\/ja\/"},{"@type":"ListItem","position":2,"name":"Li\u00ean H\u1ec7"}]}]}},"_links":{"self":[{"href":"https:\/\/duonglaobinhmy.com\/ja\/wp-json\/wp\/v2\/pages\/27668"}],"collection":[{"href":"https:\/\/duonglaobinhmy.com\/ja\/wp-json\/wp\/v2\/pages"}],"about":[{"href":"https:\/\/duonglaobinhmy.com\/ja\/wp-json\/wp\/v2\/types\/page"}],"author":[{"embeddable":true,"href":"https:\/\/duonglaobinhmy.com\/ja\/wp-json\/wp\/v2\/users\/2"}],"replies":[{"embeddable":true,"href":"https:\/\/duonglaobinhmy.com\/ja\/wp-json\/wp\/v2\/comments?post=27668"}],"version-history":[{"count":0,"href":"https:\/\/duonglaobinhmy.com\/ja\/wp-json\/wp\/v2\/pages\/27668\/revisions"}],"wp:featuredmedia":[{"embeddable":true,"href":"https:\/\/duonglaobinhmy.com\/ja\/wp-json\/wp\/v2\/media\/24889"}],"wp:attachment":[{"href":"https:\/\/duonglaobinhmy.com\/ja\/wp-json\/wp\/v2\/media?parent=27668"}],"curies":[{"name":"wp","href":"https:\/\/api.w.org\/{rel}","templated":true}]}}